{"id":724,"date":"2025-12-11T15:06:05","date_gmt":"2025-12-11T14:06:05","guid":{"rendered":"https:\/\/www.cotrava.com\/avis-legal\/"},"modified":"2025-12-11T15:29:03","modified_gmt":"2025-12-11T14:29:03","slug":"avis-legal","status":"publish","type":"page","link":"https:\/\/www.cotrava.com\/ca\/avis-legal\/","title":{"rendered":"Av\u00eds Legal"},"content":{"rendered":"<p>[et_pb_section fb_built=&#8221;1&#8243; fullwidth=&#8221;on&#8221; admin_label=&#8221;Secci\u00f3n&#8221; _builder_version=&#8221;4.27.4&#8243; background_color=&#8221;#000000&#8243; global_colors_info=&#8221;{}&#8221;][et_pb_fullwidth_header title=&#8221;AVISO LEGAL&#8221; text_orientation=&#8221;center&#8221; content_max_width=&#8221;none&#8221; admin_label=&#8221;AVISO LEGAL&#8221; _builder_version=&#8221;4.27.4&#8243; title_font=&#8221;|600||on|||||&#8221; title_text_align=&#8221;center&#8221; title_text_color=&#8221;#FFFFFF&#8221; title_font_size=&#8221;39px&#8221; content_text_color=&#8221;#FFFFFF&#8221; background_color=&#8221;rgba(255, 255, 255, 0)&#8221; background_layout=&#8221;light&#8221; button_one_border_radius_hover=&#8221;3&#8243; button_two_border_radius_hover=&#8221;3&#8243; button_one_letter_spacing_hover=&#8221;0&#8243; button_two_letter_spacing_hover=&#8221;0&#8243; global_colors_info=&#8221;{}&#8221; button_one_text_size__hover_enabled=&#8221;off&#8221; button_two_text_size__hover_enabled=&#8221;off&#8221; button_one_text_color__hover_enabled=&#8221;off&#8221; button_two_text_color__hover_enabled=&#8221;off&#8221; button_one_border_width__hover_enabled=&#8221;off&#8221; button_two_border_width__hover_enabled=&#8221;off&#8221; button_one_border_color__hover_enabled=&#8221;off&#8221; button_two_border_color__hover_enabled=&#8221;off&#8221; button_one_border_radius__hover_enabled=&#8221;on&#8221; button_one_border_radius__hover=&#8221;3&#8243; button_two_border_radius__hover_enabled=&#8221;on&#8221; button_two_border_radius__hover=&#8221;3&#8243; button_one_letter_spacing__hover_enabled=&#8221;on&#8221; button_one_letter_spacing__hover=&#8221;0&#8243; button_two_letter_spacing__hover_enabled=&#8221;on&#8221; button_two_letter_spacing__hover=&#8221;0&#8243; button_one_bg_color__hover_enabled=&#8221;off&#8221; button_two_bg_color__hover_enabled=&#8221;off&#8221;][\/et_pb_fullwidth_header][\/et_pb_section][et_pb_section fb_built=&#8221;1&#8243; admin_label=&#8221;Secci\u00f3n&#8221; _builder_version=&#8221;4.16&#8243; global_colors_info=&#8221;{}&#8221;][et_pb_row column_structure=&#8221;1_4,3_4&#8243; admin_label=&#8221;Fila&#8221; _builder_version=&#8221;4.16&#8243; background_size=&#8221;initial&#8221; background_position=&#8221;top_left&#8221; background_repeat=&#8221;repeat&#8221; global_colors_info=&#8221;{}&#8221;][et_pb_column type=&#8221;1_4&#8243; _builder_version=&#8221;4.16&#8243; custom_padding=&#8221;|||&#8221; global_colors_info=&#8221;{}&#8221; custom_padding__hover=&#8221;|||&#8221;][et_pb_text admin_label=&#8221;0. OBJETO Y ACEPTACI\u00d3N&#8221; _builder_version=&#8221;4.27.4&#8243; text_line_height=&#8221;2.2em&#8221; header_2_line_height=&#8221;1.2em&#8221; background_size=&#8221;initial&#8221; background_position=&#8221;top_left&#8221; background_repeat=&#8221;repeat&#8221; text_orientation=&#8221;right&#8221; use_border_color=&#8221;off&#8221; border_color=&#8221;#ffffff&#8221; border_style=&#8221;solid&#8221; global_colors_info=&#8221;{}&#8221;]<\/p>\n<h2><strong>Informaci\u00f3n legal<\/strong><\/h2>\n<p>[\/et_pb_text][\/et_pb_column][et_pb_column type=&#8221;3_4&#8243; _builder_version=&#8221;4.16&#8243; custom_padding=&#8221;|||&#8221; global_colors_info=&#8221;{}&#8221; custom_padding__hover=&#8221;|||&#8221;][et_pb_text admin_label=&#8221;0. OBJETO Y ACEPTACI\u00d3N&#8221; _builder_version=&#8221;4.27.4&#8243; header_3_text_color=&#8221;#000000&#8243; header_3_font_size=&#8221;15px&#8221; background_size=&#8221;initial&#8221; background_position=&#8221;top_left&#8221; background_repeat=&#8221;repeat&#8221; custom_margin=&#8221;||||false|false&#8221; hover_enabled=&#8221;0&#8243; use_border_color=&#8221;off&#8221; border_color=&#8221;#ffffff&#8221; border_style=&#8221;solid&#8221; global_colors_info=&#8221;{}&#8221; sticky_enabled=&#8221;0&#8243;]<\/p>\n<p>En cumplimiento con el deber de la informaci\u00f3n recogido en el art\u00edculo 10 de la Ley 34\/2002, de 11 de Julio, de Servicios de la Sociedad de la informaci\u00f3n y del Comercio Electr\u00f3nico, le informamos que el contenido de esta p\u00e1gina web <a href=\"https:\/\/www.cotrava.com\">https:\/\/www.cotrava.com<\/a> (en adelante, la &#8220;Web&#8221;) pertenece a COTRAVA SCCL con domicilio social en Ps Zona Franca 142 (Espa\u00f1a) y con CIF n\u00fam. F08748386. El presente aviso legal regula las condiciones de uso del citado portal de Internet.<\/p>\n<p><\/p>\n<h3><strong>Aceptaci\u00f3n del usuario<\/strong><\/h3>\n<p><\/p>\n<p>Este Aviso Legal regula el acceso, la navegaci\u00f3n y el uso de la siguiente p\u00e1gina web <a href=\"https:\/\/www.cotrava.com\">https:\/\/www.cotrava.com<\/a>, que COTRAVA SCCL, pone a la disposici\u00f3n de los usuarios de internet. Por lo tanto, el acceso a la misma implica la adquisici\u00f3n de la condici\u00f3n de usuario y con ello, la aceptaci\u00f3n de las condiciones de uso de la web. En caso de desacuerdo con las condiciones debe abstenerse del uso del sitio web.<\/p>\n<p><\/p>\n<p>El usuario queda informado, y acepta, que el acceso a la presente web no supone, en modo alguno, el inicio de una relaci\u00f3n comercial con COTRAVA SCCL.<\/p>\n<p><\/p>\n<h3><strong>Contenido y uso<\/strong><\/h3>\n<p><\/p>\n<p>La visita a la p\u00e1gina web por parte del usuario deber\u00e1 hacerse de forma responsable y de conformidad con la legalidad vigente, la buena fe, el presente Aviso Legal y respetando los derechos de propiedad intelectual e industrial titularidad de COTRAVA \u00a0SCCL. El sitio web proporciona gran diversidad de informaci\u00f3n, servicios y datos. El usuario asume su responsabilidad en el uso correcto del sitio web.<\/p>\n<p><\/p>\n<p>El uso de cualquiera de los contenidos de la p\u00e1gina web con finalidades que sean o pudieran ser il\u00edcitas queda totalmente prohibido, as\u00ed como la realizaci\u00f3n de cualquier acci\u00f3n que cause o pueda causar da\u00f1os o alteraciones de cualquier tipo no consentidas por COTRAVA SCCL, a la web o a sus contenidos.<\/p>\n<p><\/p>\n<p>COTRAVA SCCL se reserva el derecho de efectuar sin previo aviso las modificaciones que considere oportunas en su web, pudiendo cambiar, suprimir o a\u00f1adir tanto los contenidos y servicios que se presten a trav\u00e9s de la misma como la forma en la que \u00e9stos aparezcan presentados o localizados en sus servidores.<\/p>\n<p>[\/et_pb_text][\/et_pb_column][\/et_pb_row][et_pb_row column_structure=&#8221;1_4,3_4&#8243; admin_label=&#8221;Fila&#8221; _builder_version=&#8221;4.16&#8243; background_size=&#8221;initial&#8221; background_position=&#8221;top_left&#8221; background_repeat=&#8221;repeat&#8221; custom_padding=&#8221;0px|||||&#8221; global_colors_info=&#8221;{}&#8221;][et_pb_column type=&#8221;1_4&#8243; _builder_version=&#8221;4.16&#8243; custom_padding=&#8221;|||&#8221; global_colors_info=&#8221;{}&#8221; custom_padding__hover=&#8221;|||&#8221;][et_pb_text admin_label=&#8221;0. OBJETO Y ACEPTACI\u00d3N&#8221; _builder_version=&#8221;4.27.4&#8243; text_line_height=&#8221;2.2em&#8221; header_2_line_height=&#8221;1.2em&#8221; background_size=&#8221;initial&#8221; background_position=&#8221;top_left&#8221; background_repeat=&#8221;repeat&#8221; text_orientation=&#8221;right&#8221; use_border_color=&#8221;off&#8221; border_color=&#8221;#ffffff&#8221; border_style=&#8221;solid&#8221; global_colors_info=&#8221;{}&#8221;]<\/p>\n<h2><strong>INFORMACI\u00d3N LEGAL<\/strong><\/h2>\n<p>[\/et_pb_text][\/et_pb_column][et_pb_column type=&#8221;3_4&#8243; _builder_version=&#8221;4.16&#8243; custom_padding=&#8221;|||&#8221; global_colors_info=&#8221;{}&#8221; custom_padding__hover=&#8221;|||&#8221;][et_pb_text admin_label=&#8221;0. OBJETO Y ACEPTACI\u00d3N&#8221; _builder_version=&#8221;4.27.4&#8243; header_3_text_color=&#8221;#000000&#8243; header_3_font_size=&#8221;15px&#8221; background_size=&#8221;initial&#8221; background_position=&#8221;top_left&#8221; background_repeat=&#8221;repeat&#8221; custom_margin=&#8221;||||false|false&#8221; use_border_color=&#8221;off&#8221; border_color=&#8221;#ffffff&#8221; border_style=&#8221;solid&#8221; global_colors_info=&#8221;{}&#8221;]<\/p>\n<p>COTRAVA SCCL declara que ha adoptado las medidas necesarias que, dentro de sus posibilidades y el estado de la tecnolog\u00eda, permiten el correcto funcionamiento de la web as\u00ed como la ausencia de virus y componentes da\u00f1inos. Sin embargo, COTRAVA SCCL. no puede hacerse responsable de las siguientes situaciones que se enumeran a t\u00edtulo enunciativo, pero no limitativo:<\/p>\n<p><\/p>\n<ul>\n<li>La continuidad y disponibilidad de los contenidos.<\/li>\n<li>La ausencia de errores en dichos contenidos ni la correcci\u00f3n de cualquier defecto que pudiera ocurrir.<\/li>\n<li>La ausencia de virus y\/o dem\u00e1s componentes da\u00f1inos.<\/li>\n<li>Los da\u00f1os o perjuicios que cause cualquier persona que vulnere los sistemas de seguridad de COTRAVA SCCL.<\/li>\n<li>El uso que los usuarios puedan hacer de los contenidos incluidos en el web. En consecuencia, COTRAVA SCCL no garantiza que el uso que los usuarios puedan hacer de los contenidos que en su caso se incluyan en el sitio web, se ajusten al presente aviso legal, ni que el uso del sitio web se realice de forma diligente.<\/li>\n<li>El uso por menores de edad del sitio web o del env\u00edo de sus datos personales sin el permiso de sus tutores, siendo los tutores responsables del uso que hagan de Internet.<\/li>\n<li>Los contenidos a los que el usuario pueda acceder a trav\u00e9s de enlaces no autorizados o introducidos por usuarios mediante comentarios o herramientas similares.<\/li>\n<li>La introducci\u00f3n de datos err\u00f3neos por parte del usuario o de un tercero.<\/li>\n<\/ul>\n<p><\/p>\n<p>COTRAVA SCCL podr\u00e1 suspender temporalmente y sin previo aviso, la accesibilidad a la web con motivo de operaciones de mantenimiento, reparaci\u00f3n, actualizaci\u00f3n o mejora. En consecuencia, COTRAVA SCCL no ser\u00e1, en ning\u00fan caso, responsable por cualesquiera da\u00f1os y perjuicios que puedan derivarse de la falta de disponibilidad o accesibilidad al sitio web o de la interrupci\u00f3n en el funcionamiento del sitio web. No obstante, siempre que las circunstancias lo permitan COTRAVA SCCL comunicar\u00e1 al usuario, con antelaci\u00f3n suficiente, la fecha prevista para la suspensi\u00f3n de los contenidos.<\/p>\n<p><\/p>\n<p>Asimismo, de conformidad con los arts. 11 y 16 de la Ley 34\/2002, de 11 de julio, de servicios de la sociedad de la informaci\u00f3n y de comercio electr\u00f3nico (LSSICE), COTRAVA \u00a0SCCL. se compromete a la eliminaci\u00f3n o, en su caso, bloqueo de los contenidos que pudieran afectar o ser contrarios a la legislaci\u00f3n vigente, los derechos de terceros o la moral y orden p\u00fablico.<\/p>\n<p><\/p>\n<h3><strong>Pol\u00edtica de enlaces<\/strong><\/h3>\n<p><\/p>\n<p>COTRAVA SCCL no se hace responsable del contenido de los sitios web a los que el usuario pueda acceder a trav\u00e9s de los enlaces establecidos en su sitio web y declara que en ning\u00fan caso proceder\u00e1 a examinar o ejercitar ning\u00fan tipo de control sobre el contenido de otros sitios de la red. Asimismo, tampoco garantizar\u00e1 la disponibilidad t\u00e9cnica, exactitud, veracidad, validez o legalidad de sitios ajenos a su propiedad a los que se pueda acceder por medio de los enlaces.\u00a0<\/p>\n<p>[\/et_pb_text][\/et_pb_column][\/et_pb_row][et_pb_row column_structure=&#8221;1_4,3_4&#8243; admin_label=&#8221;Fila&#8221; _builder_version=&#8221;4.16&#8243; background_size=&#8221;initial&#8221; background_position=&#8221;top_left&#8221; background_repeat=&#8221;repeat&#8221; custom_padding=&#8221;0px|||||&#8221; global_colors_info=&#8221;{}&#8221;][et_pb_column type=&#8221;1_4&#8243; _builder_version=&#8221;4.16&#8243; custom_padding=&#8221;|||&#8221; global_colors_info=&#8221;{}&#8221; custom_padding__hover=&#8221;|||&#8221;][et_pb_text admin_label=&#8221;0. OBJETO Y ACEPTACI\u00d3N&#8221; _builder_version=&#8221;4.27.4&#8243; text_line_height=&#8221;2.2em&#8221; header_2_line_height=&#8221;1.2em&#8221; background_size=&#8221;initial&#8221; background_position=&#8221;top_left&#8221; background_repeat=&#8221;repeat&#8221; text_orientation=&#8221;right&#8221; use_border_color=&#8221;off&#8221; border_color=&#8221;#ffffff&#8221; border_style=&#8221;solid&#8221; global_colors_info=&#8221;{}&#8221;]<\/p>\n<h2><strong>Pol\u00edtica de propiedad intelectual e industrial<\/strong><\/h2>\n<p>[\/et_pb_text][\/et_pb_column][et_pb_column type=&#8221;3_4&#8243; _builder_version=&#8221;4.16&#8243; custom_padding=&#8221;|||&#8221; global_colors_info=&#8221;{}&#8221; custom_padding__hover=&#8221;|||&#8221;][et_pb_text admin_label=&#8221;0. OBJETO Y ACEPTACI\u00d3N&#8221; _builder_version=&#8221;4.27.4&#8243; header_3_text_color=&#8221;#000000&#8243; header_3_font_size=&#8221;15px&#8221; background_size=&#8221;initial&#8221; background_position=&#8221;top_left&#8221; background_repeat=&#8221;repeat&#8221; custom_margin=&#8221;||||false|false&#8221; use_border_color=&#8221;off&#8221; border_color=&#8221;#ffffff&#8221; border_style=&#8221;solid&#8221; global_colors_info=&#8221;{}&#8221;]<\/p>\n<p>COTRVA SCCL es el titular en exclusiva de los derechos relativos a su p\u00e1gina web y sus redes sociales, por ello, todos los contenidos, el dise\u00f1o gr\u00e1fico y los c\u00f3digos que forman parte de https:\/\/cotrava.com son de titularidad exclusiva de COTRAVA SCCL. Queda prohibida su reproducci\u00f3n, distribuci\u00f3n, comunicaci\u00f3n p\u00fablica, transformaci\u00f3n o cualquier otra actividad que se realice con los contenidos, ni siquiera aunque se citen las fuentes, salvo que se cuente con el consentimiento previo, expreso y por escrito de COTRAVA SCCL.<\/p>\n<p><\/p>\n<p>COTRAVA SCCL no concede ninguna autorizaci\u00f3n de uso de ninguna clase sobre sus derechos de propiedad intelectual e industrial o sobre cualquier otra propiedad o derecho relacionado con la web, y en ning\u00fan caso se entender\u00e1 que el acceso y navegaci\u00f3n de los usuarios implica una renuncia, transmisi\u00f3n, licencia o cesi\u00f3n total ni parcial de dichos derechos por parte de COTRAVA SCCL. Cualquier uso de esos contenidos no autorizado previamente por parte de COTRAVA SCCL ser\u00e1 considerado un incumplimiento grave de los derechos de propiedad intelectual o industrial y dar\u00e1 lugar a las responsabilidades legalmente establecidas COTRAVA SCCL se reserva el derecho de ejercitar frente al usuario las acciones judiciales y extrajudiciales que correspondan.<\/p>\n<p><\/p>\n<h3><strong>Reserva del derecho a modificar el presente aviso legal<\/strong><\/h3>\n<p><\/p>\n<p>COTRAVA SCCL se reserva el derecho a modificar el presente aviso legal para adaptarlo a cualquier cambio o novedad normativa, por motivos t\u00e9cnicos, por cambios en los servicios ofrecidos por COTRAVA SCCL o por decisiones estrat\u00e9gicas de la compa\u00f1\u00eda. En estos casos se avisar\u00e1 en la presente p\u00e1gina web con antelaci\u00f3n prudencial los cambios que se vayan a producir y a partir de cu\u00e1ndo comenzar\u00e1n a tener plenos efectos.<br \/>Si el usuario no est\u00e1 conforme con los cambios, deber\u00e1 dejar de utilizar el sitio web. La utilizaci\u00f3n del sitio web tras la realizaci\u00f3n de los cambios supondr\u00e1 la aceptaci\u00f3n de los mismos por los usuarios.<\/p>\n<p>[\/et_pb_text][\/et_pb_column][\/et_pb_row][\/et_pb_section]<\/p>\n","protected":false},"excerpt":{"rendered":"<p>Informaci\u00f3n legalEn cumplimiento con el deber de la informaci\u00f3n recogido en el art\u00edculo 10 de la Ley 34\/2002, de 11 de Julio, de Servicios de la Sociedad de la informaci\u00f3n y del Comercio Electr\u00f3nico, le informamos que el contenido de esta p\u00e1gina web https:\/\/www.cotrava.com (en adelante, la &#8220;Web&#8221;) pertenece a COTRAVA SCCL con domicilio social [&hellip;]<\/p>\n","protected":false},"author":2,"featured_media":0,"parent":0,"menu_order":0,"comment_status":"closed","ping_status":"closed","template":"","meta":{"_et_pb_use_builder":"on","_et_pb_old_content":"","_et_gb_content_width":"","footnotes":""},"class_list":["post-724","page","type-page","status-publish","hentry"],"yoast_head":"<!-- This site is optimized with the Yoast SEO plugin v26.1.1 - https:\/\/yoast.com\/wordpress\/plugins\/seo\/ -->\n<title>COTRAVA - Aviso legal<\/title>\n<meta name=\"description\" content=\"P\u00e1gina de aviso legal de COTRAVA\" \/>\n<meta name=\"robots\" content=\"index, follow, max-snippet:-1, max-image-preview:large, max-video-preview:-1\" \/>\n<link rel=\"canonical\" href=\"https:\/\/www.cotrava.com\/aviso-legal\/\" \/>\n<meta property=\"og:locale\" content=\"ca_ES\" \/>\n<meta property=\"og:type\" content=\"article\" \/>\n<meta property=\"og:title\" content=\"COTRAVA - Aviso legal\" \/>\n<meta property=\"og:description\" content=\"P\u00e1gina de aviso legal de COTRAVA\" \/>\n<meta property=\"og:url\" content=\"https:\/\/www.cotrava.com\/aviso-legal\/\" \/>\n<meta property=\"og:site_name\" content=\"COTRAVA\" \/>\n<meta property=\"article:modified_time\" content=\"2025-12-11T14:29:03+00:00\" \/>\n<meta name=\"twitter:card\" content=\"summary_large_image\" \/>\n<meta name=\"twitter:label1\" content=\"Temps estimat de lectura\" \/>\n\t<meta name=\"twitter:data1\" content=\"10 minuts\" \/>\n<script type=\"application\/ld+json\" class=\"yoast-schema-graph\">{\"@context\":\"https:\/\/schema.org\",\"@graph\":[{\"@type\":\"WebPage\",\"@id\":\"https:\/\/www.cotrava.com\/aviso-legal\/\",\"url\":\"https:\/\/www.cotrava.com\/aviso-legal\/\",\"name\":\"COTRAVA - Aviso legal\",\"isPartOf\":{\"@id\":\"https:\/\/www.cotrava.com\/#website\"},\"datePublished\":\"2025-12-11T14:06:05+00:00\",\"dateModified\":\"2025-12-11T14:29:03+00:00\",\"description\":\"P\u00e1gina de aviso legal de COTRAVA\",\"breadcrumb\":{\"@id\":\"https:\/\/www.cotrava.com\/aviso-legal\/#breadcrumb\"},\"inLanguage\":\"ca\",\"potentialAction\":[{\"@type\":\"ReadAction\",\"target\":[\"https:\/\/www.cotrava.com\/aviso-legal\/\"]}]},{\"@type\":\"BreadcrumbList\",\"@id\":\"https:\/\/www.cotrava.com\/aviso-legal\/#breadcrumb\",\"itemListElement\":[{\"@type\":\"ListItem\",\"position\":1,\"name\":\"Portada\",\"item\":\"https:\/\/www.cotrava.com\/\"},{\"@type\":\"ListItem\",\"position\":2,\"name\":\"Av\u00eds Legal\"}]},{\"@type\":\"WebSite\",\"@id\":\"https:\/\/www.cotrava.com\/#website\",\"url\":\"https:\/\/www.cotrava.com\/\",\"name\":\"COTRAVA\",\"description\":\"Transportes de aglomerados, asfaltos, \u00e1ridos, res\u00edduos, tierras contaminadas, escollera, movimiento de tierras.\",\"potentialAction\":[{\"@type\":\"SearchAction\",\"target\":{\"@type\":\"EntryPoint\",\"urlTemplate\":\"https:\/\/www.cotrava.com\/?s={search_term_string}\"},\"query-input\":{\"@type\":\"PropertyValueSpecification\",\"valueRequired\":true,\"valueName\":\"search_term_string\"}}],\"inLanguage\":\"ca\"}]}<\/script>\n<!-- \/ Yoast SEO plugin. -->","yoast_head_json":{"title":"COTRAVA - Aviso legal","description":"P\u00e1gina de aviso legal de COTRAVA","robots":{"index":"index","follow":"follow","max-snippet":"max-snippet:-1","max-image-preview":"max-image-preview:large","max-video-preview":"max-video-preview:-1"},"canonical":"https:\/\/www.cotrava.com\/aviso-legal\/","og_locale":"ca_ES","og_type":"article","og_title":"COTRAVA - Aviso legal","og_description":"P\u00e1gina de aviso legal de COTRAVA","og_url":"https:\/\/www.cotrava.com\/aviso-legal\/","og_site_name":"COTRAVA","article_modified_time":"2025-12-11T14:29:03+00:00","twitter_card":"summary_large_image","twitter_misc":{"Temps estimat de lectura":"10 minuts"},"schema":{"@context":"https:\/\/schema.org","@graph":[{"@type":"WebPage","@id":"https:\/\/www.cotrava.com\/aviso-legal\/","url":"https:\/\/www.cotrava.com\/aviso-legal\/","name":"COTRAVA - Aviso legal","isPartOf":{"@id":"https:\/\/www.cotrava.com\/#website"},"datePublished":"2025-12-11T14:06:05+00:00","dateModified":"2025-12-11T14:29:03+00:00","description":"P\u00e1gina de aviso legal de COTRAVA","breadcrumb":{"@id":"https:\/\/www.cotrava.com\/aviso-legal\/#breadcrumb"},"inLanguage":"ca","potentialAction":[{"@type":"ReadAction","target":["https:\/\/www.cotrava.com\/aviso-legal\/"]}]},{"@type":"BreadcrumbList","@id":"https:\/\/www.cotrava.com\/aviso-legal\/#breadcrumb","itemListElement":[{"@type":"ListItem","position":1,"name":"Portada","item":"https:\/\/www.cotrava.com\/"},{"@type":"ListItem","position":2,"name":"Av\u00eds Legal"}]},{"@type":"WebSite","@id":"https:\/\/www.cotrava.com\/#website","url":"https:\/\/www.cotrava.com\/","name":"COTRAVA","description":"Transportes de aglomerados, asfaltos, \u00e1ridos, res\u00edduos, tierras contaminadas, escollera, movimiento de tierras.","potentialAction":[{"@type":"SearchAction","target":{"@type":"EntryPoint","urlTemplate":"https:\/\/www.cotrava.com\/?s={search_term_string}"},"query-input":{"@type":"PropertyValueSpecification","valueRequired":true,"valueName":"search_term_string"}}],"inLanguage":"ca"}]}},"_links":{"self":[{"href":"https:\/\/www.cotrava.com\/ca\/wp-json\/wp\/v2\/pages\/724","targetHints":{"allow":["GET"]}}],"collection":[{"href":"https:\/\/www.cotrava.com\/ca\/wp-json\/wp\/v2\/pages"}],"about":[{"href":"https:\/\/www.cotrava.com\/ca\/wp-json\/wp\/v2\/types\/page"}],"author":[{"embeddable":true,"href":"https:\/\/www.cotrava.com\/ca\/wp-json\/wp\/v2\/users\/2"}],"replies":[{"embeddable":true,"href":"https:\/\/www.cotrava.com\/ca\/wp-json\/wp\/v2\/comments?post=724"}],"version-history":[{"count":12,"href":"https:\/\/www.cotrava.com\/ca\/wp-json\/wp\/v2\/pages\/724\/revisions"}],"predecessor-version":[{"id":756,"href":"https:\/\/www.cotrava.com\/ca\/wp-json\/wp\/v2\/pages\/724\/revisions\/756"}],"wp:attachment":[{"href":"https:\/\/www.cotrava.com\/ca\/wp-json\/wp\/v2\/media?parent=724"}],"curies":[{"name":"wp","href":"https:\/\/api.w.org\/{rel}","templated":true}]}}